{"id":11,"date":"2018-04-11T11:35:02","date_gmt":"2018-04-11T11:35:02","guid":{"rendered":"http:\/\/lvps5-35-242-206.dedicated.hosteurope.de\/wordpress\/?page_id=11"},"modified":"2025-01-30T12:32:15","modified_gmt":"2025-01-30T12:32:15","slug":"aboutme","status":"publish","type":"page","link":"https:\/\/christianschoen.com\/?page_id=11","title":{"rendered":"WER? WIE? WAS?"},"content":{"rendered":"\r\n<p><a href=\"http:\/\/christianschoen.com\/wp-content\/uploads\/2015\/12\/CSVI_Vita_906.jpg\"><img loading=\"lazy\" decoding=\"async\" class=\"alignnone wp-image-26 size-full\" src=\"http:\/\/christianschoen.com\/wp-content\/uploads\/2015\/12\/CSVI_Vita_906.jpg\" alt=\"CSVI_Vita_906\" width=\"906\" height=\"200\" srcset=\"https:\/\/christianschoen.com\/wp-content\/uploads\/2015\/12\/CSVI_Vita_906.jpg 906w, https:\/\/christianschoen.com\/wp-content\/uploads\/2015\/12\/CSVI_Vita_906-300x66.jpg 300w\" sizes=\"auto, (max-width: 906px) 100vw, 906px\" \/><\/a><\/p>\r\n<h2><b>WER? WIE? WAS?<\/b><\/h2>\r\n<hr \/>\r\n<p class=\"p1\"><strong><span class=\"s1\">Christian Sch\u00f6n konzipiert, gestaltet und realisiert Kommunikationsl\u00f6sungen f\u00fcr Marken und Unternehmen.<\/span><\/strong><\/p>\r\n<p><span class=\"s1\">Christian Sch\u00f6n ist Kommunikationsdesigner und Markenstratege. Er bringt \u00fcber 20 Jahre Erfahrung in der Marken- und Unternehmenskommunikation mit, unter anderem f\u00fcr MTV, Nike, Mercedes-Benz, die SCHIRN Kunsthalle und den Palmengarten Frankfurt. <\/span><\/p>\r\n<p class=\"p1\"><span class=\"s1\">Bei Jung von Matt in Hamburg, Frankfurt und Peking erwarb er Expertise auf nationaler und internationaler Ebene. <\/span><\/p>\r\n<p class=\"p1\"><span class=\"s1\">2024 gr\u00fcndet Christian Sch\u00f6n eyeye, eine neue Agentur, die Unternehmen bei der Optimierung ihrer Marketingaktivit\u00e4ten mittels KI unterst\u00fctzt. <\/span><\/p>\r\n<p>&nbsp;<\/p>\r\n<h3><b>BERUFLICHE STATIONEN VON CHRISTIAN SCH\u00d6N<br \/><\/b><\/h3>\r\n<hr \/>\r\n<p><strong>eyeye<\/strong> | Gr\u00fcnder und CEO | September 2024 \u2013 heute<br \/>\r\neyeye ist eine zeitgem\u00e4\u00dfe Werbeagentur, die menschliche Kreativit\u00e4t mit KI (K\u00fcnstlicher Intelligenz) verbindet, um Markenbotschaften innovativ, wirkungsvoll und zukunftsf\u00e4hig zu gestalten.<\/p>\r\n<p><strong>YOURE Family<\/strong> | Chief Communications Officer | September 2021 \u2013 August 2024<br \/>\r\nBrand Marketing und Kommunikation, Aufbau und internationale Etablierung der Marken GamesCoin und YOURE<\/p>\r\n<p><b>Studio Christian Sch\u00f6n<\/b> | Kommunikationsdesign | Gesch\u00e4ftsf\u00fchrer | Januar 2016 \u2013 heute<br \/>Kunden:\u00a0GAMES COIN GROUP, Das Hochhaus (K\u00f6ln), Palmengarten der Stadt Frankfurt am Main, Botanischer Garten Frankfurt am Main, Schirn Kunsthalle Frankfurt, Stiftung Palmengarten &amp; Botanischer Garten Frankfurt, Margarete, Gr\u00fcne So\u00dfe Festival GmbH,\u00a0RAYCOON.com, YoUs<\/p>\r\n<p><b>Freelancer<\/b> | Creative Director | Juli 2012 \u2013 Dezember 2015<br \/>Kunden: Jung von Matt, Beijing (Mercedes-Benz, Mercedes-Benz Trucks, Sino Matters Ltd.), VML im2.0 Peking (MINI China), Leo Burnett Frankfurt, Gardeners, Stiftung Palmengarten &amp; Botanischer Garten Frankfurt, Palmengarten Frankfurt, Jazzunique.<\/p>\r\n<p><b>fathalischoen<\/b> |<b> <\/b>Frankfurt am Main | Gr\u00fcnder, Creative Director | Juli 2003 \u2013 Juni 2012<br \/>Kunden: C&#8217;est tout, KunstFestSpiele Herrenhausen, K\u00fcnstlerhaus Mousonturm, Museum der Weltkulturen, MTV, Nationaltheater Mannheim, Nike, schauspielfrankfurt, Schirn Kunsthalle Frankfurt, VolkswagenStiftung.<\/p>\r\n<p><b>Freelancer<\/b> |<b> <\/b>Art Director | Oktober\u00a02000 \u2013 Juli 2003<br \/>Kunden: BBDO, Cosmopolitan Cosmetics, DDB Berlin, FCB, Jung von Matt, JWT, Kastner &amp; Partners London und Frankfurt, Leo Burnett, Ogilvy, Lesch &amp; Frei, Saatchi &amp; Saatchi, Select NY, Wunderman Cato Johnson, Young &amp; Rubicam.<\/p>\r\n<p><b>Jung von Matt<\/b>, Hamburg und\u00a0Frankfurt am Main | Art Director | August 1997 \u2013 Oktober 2000<br \/>Kunden: Audi, D2 Mannesmann, Minolta, TONI GARD, Ricola, stilwerk, Quelle, Merz, Loyalty Partners.<\/p>\r\n<p>&nbsp;<\/p>\r\n<h3><b>LEISTUNGSSPEKTRUM<\/b><\/h3>\r\n<hr \/>\r\n<p class=\"p1\"><span class=\"s1\">Ich denke nicht in Kommunikationsformen und -formaten, sondern in L\u00f6sungen. Und die sind f\u00fcr jeden Kunden anders. Dazu z\u00e4hlen Aktionen im \u00f6ffentlichen Raum genauso wie ein Erscheinungsbild, Anzeigen, Plakate, Brosch\u00fcren, Kataloge, Funk- und TV-Spots sowie Social Media. Meistens sind sie medien\u00fcbergreifend und interdisziplin\u00e4r.\u00a0Ich konzipiere, plane und setze Ausstellungen um. Manchmal kuratiere ich sie auch.\u00a0<\/span><span class=\"s1\">Ich berate bei komplexen Design- und Kommunikationsvorhaben und bin Schnittstelle zwischen meinem Auftraggeber\u00a0und seinen Dienstleistern.<br \/>Als Kommunikationsdesigner vereine ich<\/span><span class=\"s1\">\u00a0langj\u00e4hrige Erfahrung in der Werbung mit einem hohen Designanspruch.<\/span><\/p>\r\n<p>&nbsp;<\/p>\r\n<h3><b>AUSBILDUNG<\/b><\/h3>\r\n<hr \/>\r\n<p>FH\u00a0Niederrhein, Krefeld | Visuelle Kommunikation\u00a0| 1992 \u2013 1993<br \/>FH\u00a0Wiesbaden | Kommunikationsdesign\u00a0| 1993 \u2013 1997\u00a0(Dipl.-Kommunikationsdesigner)<\/p>\r\n","protected":false},"excerpt":{"rendered":"<p>WER? WIE? WAS? Christian Sch\u00f6n konzipiert, gestaltet und realisiert Kommunikationsl\u00f6sungen f\u00fcr Marken und Unternehmen. Christian Sch\u00f6n ist Kommunikationsdesigner und Markenstratege. Er bringt \u00fcber 20 Jahre Erfahrung in der Marken- und Unternehmenskommunikation mit, unter anderem f\u00fcr MTV, Nike, Mercedes-Benz, die SCHIRN Kunsthalle und den Palmengarten Frankfurt. Bei Jung von Matt in Hamburg, Frankfurt und Peking erwarb&hellip;<\/p>\n","protected":false},"author":4,"featured_media":0,"parent":0,"menu_order":0,"comment_status":"closed","ping_status":"closed","template":"","meta":{"footnotes":""},"class_list":["post-11","page","type-page","status-publish","hentry","no-post-thumbnail","post-grid-4-col","entry"],"_links":{"self":[{"href":"https:\/\/christianschoen.com\/index.php?rest_route=\/wp\/v2\/pages\/11","targetHints":{"allow":["GET"]}}],"collection":[{"href":"https:\/\/christianschoen.com\/index.php?rest_route=\/wp\/v2\/pages"}],"about":[{"href":"https:\/\/christianschoen.com\/index.php?rest_route=\/wp\/v2\/types\/page"}],"author":[{"embeddable":true,"href":"https:\/\/christianschoen.com\/index.php?rest_route=\/wp\/v2\/users\/4"}],"replies":[{"embeddable":true,"href":"https:\/\/christianschoen.com\/index.php?rest_route=%2Fwp%2Fv2%2Fcomments&post=11"}],"version-history":[{"count":40,"href":"https:\/\/christianschoen.com\/index.php?rest_route=\/wp\/v2\/pages\/11\/revisions"}],"predecessor-version":[{"id":1946,"href":"https:\/\/christianschoen.com\/index.php?rest_route=\/wp\/v2\/pages\/11\/revisions\/1946"}],"wp:attachment":[{"href":"https:\/\/christianschoen.com\/index.php?rest_route=%2Fwp%2Fv2%2Fmedia&parent=11"}],"curies":[{"name":"wp","href":"https:\/\/api.w.org\/{rel}","templated":true}]}}