{"id":1677,"date":"2022-01-28T13:45:20","date_gmt":"2022-01-28T13:45:20","guid":{"rendered":"https:\/\/christianschoen.com\/?page_id=1677"},"modified":"2022-01-31T14:31:34","modified_gmt":"2022-01-31T14:31:34","slug":"impressum","status":"publish","type":"page","link":"https:\/\/christianschoen.com\/?page_id=1677","title":{"rendered":"Impressum"},"content":{"rendered":"<h2><strong>IMPRINT<\/strong><\/h2>\n<p>(Anbieterkennzeichnung gem. \u00a75 Telemediengesetz)<\/p>\n<p>Christian Sch\u00f6n<br \/>\nMartin-Luther-Stra\u00dfe 6<br \/>\n60316 Frankfurt am Main, Germany<\/p>\n<p>Telefon: +49 172 107 18 85<br \/>\nE-Mail: mail@christianschoen.com<\/p>\n<p>Umsatzsteuer-ID gem\u00e4\u00df \u00a727a Umsatzsteuergesetz: DE284638711<\/p>\n<p>&nbsp;<\/p>\n","protected":false},"excerpt":{"rendered":"<p>IMPRINT (Anbieterkennzeichnung gem. \u00a75 Telemediengesetz) Christian Sch\u00f6n Martin-Luther-Stra\u00dfe 6 60316 Frankfurt am Main, Germany Telefon: +49 172 107 18 85 E-Mail: mail@christianschoen.com Umsatzsteuer-ID gem\u00e4\u00df \u00a727a Umsatzsteuergesetz: DE284638711 &nbsp;<\/p>\n","protected":false},"author":4,"featured_media":0,"parent":0,"menu_order":0,"comment_status":"closed","ping_status":"closed","template":"","meta":{"footnotes":""},"class_list":["post-1677","page","type-page","status-publish","hentry","no-post-thumbnail","post-grid-4-col","entry"],"_links":{"self":[{"href":"https:\/\/christianschoen.com\/index.php?rest_route=\/wp\/v2\/pages\/1677","targetHints":{"allow":["GET"]}}],"collection":[{"href":"https:\/\/christianschoen.com\/index.php?rest_route=\/wp\/v2\/pages"}],"about":[{"href":"https:\/\/christianschoen.com\/index.php?rest_route=\/wp\/v2\/types\/page"}],"author":[{"embeddable":true,"href":"https:\/\/christianschoen.com\/index.php?rest_route=\/wp\/v2\/users\/4"}],"replies":[{"embeddable":true,"href":"https:\/\/christianschoen.com\/index.php?rest_route=%2Fwp%2Fv2%2Fcomments&post=1677"}],"version-history":[{"count":2,"href":"https:\/\/christianschoen.com\/index.php?rest_route=\/wp\/v2\/pages\/1677\/revisions"}],"predecessor-version":[{"id":1804,"href":"https:\/\/christianschoen.com\/index.php?rest_route=\/wp\/v2\/pages\/1677\/revisions\/1804"}],"wp:attachment":[{"href":"https:\/\/christianschoen.com\/index.php?rest_route=%2Fwp%2Fv2%2Fmedia&parent=1677"}],"curies":[{"name":"wp","href":"https:\/\/api.w.org\/{rel}","templated":true}]}}