{"id":964,"date":"2018-05-01T13:37:32","date_gmt":"2018-05-01T13:37:32","guid":{"rendered":"http:\/\/christianschoen.com\/?page_id=964"},"modified":"2023-01-30T13:36:01","modified_gmt":"2023-01-30T13:36:01","slug":"datenschutz","status":"publish","type":"page","link":"https:\/\/christianschoen.com\/?page_id=964","title":{"rendered":"Datenschutz"},"content":{"rendered":"<p>Ich freue mich sehr \u00fcber Ihr Interesse an meinem Studio. Datenschutz hat einen besonders hohen Stellenwert f\u00fcr mich. Eine Nutzung der Internetseiten meines Studios ist grunds\u00e4tzlich ohne jede Angabe personenbezogener Daten m\u00f6glich. Sofern eine betroffene Person besondere Services meines Studios in Anspruch nehmen m\u00f6chte, k\u00f6nnte jedoch eine Verarbeitung personenbezogener Daten erforderlich werden. Ist die Verarbeitung personenbezogener Daten erforderlich und besteht f\u00fcr eine solche Verarbeitung keine gesetzliche Grundlage, hole ich generell eine Einwilligung der betroffenen Person ein.<\/p>\n<p><strong>Privatsph\u00e4re<\/strong><br \/>\nIch halte mich strikt an die Regeln der Datenschutzgesetze, insbesondere des Bundesdatenschutzgesetzes (BDSG) der Bundesrepublik Deutschland und der Europ\u00e4ischen Datenschutzgrundverordnung (EU-DSGVO). Im Folgenden erl\u00e4utere ich Ihnen, welche Informationen ich w\u00e4hrend Ihres Besuches auf meinen Webseiten erfasse und wie diese Informationen genutzt werden. Ich f\u00fchre meine Gesch\u00e4fte so, dass geltendes deutsches Recht erf\u00fcllt wird. Es gilt deutsches Recht.<\/p>\n<p><strong>Personenbezogene Daten<\/strong><br \/>\nPersonenbezogene Daten sind Einzelangaben \u00fcber pers\u00f6nliche oder sachliche Verh\u00e4ltnisse einer bestimmten oder bestimmbaren nat\u00fcrlichen Person (z.B. Ihr Name, Ihre Anschrift, Ihre Telefonnummer, Ihre berufliche Funktion und Ihr Geburtsdatum).<\/p>\n<p><strong>\u2028Erhebung und Verarbeitung von personenbezogenen Daten\u2028<\/strong><br \/>\nSie k\u00f6nnen meine Seite besuchen, ohne Angaben zu Ihrer Person zu machen. Die personenbezogenen Daten, die Sie mir per E-Mail mitteilen (z.B. Ihr Name und Ihre Adresse oder Ihre E-Mail-Adresse), werden nur zur Korrespondenz mit Ihnen und nur f\u00fcr den Zweck verarbeitet, zu dem Sie mir die Daten zur Verf\u00fcgung gestellt haben.<\/p>\n<p><strong>\u2028Nutzung und Weitergabe der personenbezogenen Daten<\/strong><br \/>\nIch versichere, dass ich Ihre personenbezogenen Daten nicht an Dritte weitergebe, es sei denn, dass ich dazu gesetzlich verpflichtet w\u00e4re oder Sie mir vorher Ihre Zustimmung gegeben haben. Soweit ich zur Durchf\u00fchrung und Abwicklung von Verarbeitungsprozessen Dienstleister in Anspruch nehme (Auftragsdatenverarbeitung), werden die Vertragsverh\u00e4ltnisse nach den Bestimmungen des Bundesdatenschutzgesetzes geregelt. Das Bundesdatenschutzgesetz (BDSG) schreibt in \u00a7 4g vor, dass der Beauftragte f\u00fcr den Datenschutz auf Antrag jedermann die Angaben entsprechend \u00a7 4e BDSG in geeigneter Weise verf\u00fcgbar zu machen hat. Diese und weitere Angabe k\u00f6nnen Sie dem \u00f6ffentlichen Verfahrensverzeichnis entnehmen, das ich Ihnen gerne auf Anforderung zur Verf\u00fcgung stellen.<\/p>\n<p><strong>Bewerbungsverfahren<\/strong><br \/>\nZur Bearbeitung Ihrer Online-Bewerbung erhebe, verarbeite und nutze ich Ihre personenbezogenen Daten. Ihre per E-Mail \u00fcbermittelten Bewerbungsdaten werden von mir vertraulich behandelt. Durch geeignete technische und organisatorische Ma\u00dfnahmen ist sichergestellt, dass Ihre personenbezogenen Daten gem\u00e4\u00df den gesetzlichen Bestimmungen behandelt werden \u2013 Vertraulichkeit und Sicherheit stehen dabei im Vordergrund. Bitte beachten Sie, dass die \u00dcbermittlung der Daten unverschl\u00fcsselt per E-Mail erfolgt und die Daten unter Umst\u00e4nden von Unbefugten zur Kenntnis genommen oder auch verf\u00e4lscht werden k\u00f6nnten. Gerne k\u00f6nnen Sie mir Ihre Unterlagen stattdessen per Post zukommen lassen. Nach Beendigung des Bewerbungsverfahrens, sp\u00e4testens jedoch nach 6 Monaten werden Ihre personenbezogenen Daten automatisch gel\u00f6scht, es sei denn, Sie willigen ausdr\u00fccklich in eine Speicherung \u00fcber einen l\u00e4ngeren Zeitraum ein.<\/p>\n<p><strong>Automatisch gesammelte Informationen<\/strong><br \/>\nBeim Zugriff auf meine Websiten erfasse ich allgemeine Informationen, wie z.B. Browser, Anzahl der Besuche, Verweildauer, aufgerufene Seiten. Automatisiert erhobene Daten verwende ich, um die Webseite zu managen, die Webseite zu sch\u00fctzen, zu entwickeln und zu verbessern sowie die technische Funktionalit\u00e4t und Sicherheit zu gew\u00e4hrleisten. Wenn Sie meine Internetseite besuchen, werden diese automatisiert erhobenen Daten tempor\u00e4r erfasst, um Ihnen den Besuch meiner Seite zu erm\u00f6glichen. Diese Daten, werden nicht \u00fcber die Dauer der Nutzung der Webseite hinaus gespeichert. Ich werte diese automatisiert erhobenen Daten statistisch aus. Sie als einzelner Nutzer bleiben dabei anonym. Anonym erhobene Daten werden insbesondere nicht mit anderen mir evtl. zur Verf\u00fcgung gestellten personenbezogenen Daten zur Erstellung von Nutzerprofilen zusammengef\u00fchrt.<\/p>\n<p><strong>Cookies<\/strong><br \/>\nCookies sind kleine Textdateien, die auf dem PC des Internet-Nutzers abgelegt werden. Zweck ist z.B. die Steuerung der Verbindung w\u00e4hrend Ihres Besuchs auf Webseiten. Sie beinhalten rein technische Informationen, keine pers\u00f6nlichen Daten.<br \/>\nAuf verschiedenen Seiten verwenden ich Cookies, um den Besuch meiner Webseite attraktiv zu gestalten und die Nutzung bestimmter Funktionen zu erm\u00f6glichen. Hierbei handelt es sich um kleine Textdateien, die auf Ihrem Rechner abgelegt werden. Die meisten der von mir verwendeten Cookies werden nach Ende der Browser-Sitzung wieder von Ihrer Festplatte gel\u00f6scht (sog. Sitzungs-Cookies). Andere Cookies verbleiben auf Ihrem Rechner und erm\u00f6glichen mir, Ihren Rechner bei Ihrem n\u00e4chsten Besuch wiederzuerkennen (sog. dauerhafte Cookies). Meinen Partnerunternehmen ist es nicht gestattet, \u00fcber meine Webseite personenbezogene Daten mittels Cookies zu erheben, zu verarbeiten oder zu nutzen. Ich werde diese Cookies keinesfalls mit personenbezogenen Daten in Verbindung bringen. Die meisten Browser sind so eingestellt, dass sie Cookies automatisch akzeptieren. Sie k\u00f6nnen das Speichern von Cookies jedoch deaktivieren oder Ihren Browser so einstellen, dass er Sie benachrichtigt, sobald Cookies gesendet werden.<\/p>\n<p><strong>Sicherheit\u2028<\/strong><br \/>\nIch gew\u00e4hrleiste die Vertraulichkeit und Sicherheit Ihrer personenbezogenen Daten dadurch, dass<br \/>\n\u2026 ich Ihre pers\u00f6nlichen Daten, soweit Sie mir diese \u00fcber meine Website oder im Rahmen der E-Mail-Kommunikation mitteilen, nur zur Erf\u00fcllung Ihres Wunschs oder Anliegens verwenden.<br \/>\n\u2026 meine Mitarbeiterinnen und Mitarbeiter Verschwiegenheitspflichten zu wahren haben.<br \/>\n\u2026 meine Sicherheitsvorkehrungen in angemessenem Umfang dem aktuellen Stand der Technik entsprechen.<br \/>\n\u2026 meine Systeme regelm\u00e4\u00dfig auf Sicherheit \u00fcberpr\u00fcft werden, damit ich nachhaltig vor etwaigen Sch\u00e4digungen, Verlusten und Zugriffen auf bei mir gelagerter Daten sch\u00fctzen kann.<br \/>\n\u2026 ich f\u00fcr die Beachtung des \u201eDatenschutzhinweises\u201c sorge.<br \/>\nTrotz regelm\u00e4\u00dfiger Kontrollen ist ein vollst\u00e4ndiger Schutz gegen alle Gefahren jedoch nicht m\u00f6glich.<\/p>\n<p><strong>Haftung<\/strong><br \/>\nAlle auf dieser Website enthaltenen Informationen wurden mit gro\u00dfer Sorgfalt gepr\u00fcft. Ich \u00fcbernehme jedoch keine Gew\u00e4hr daf\u00fcr, dass die Inhalte meiner eigenen Webseiten jederzeit korrekt, vollst\u00e4ndig und auf dem neuesten Stand sind.<\/p>\n<p><strong>Aktualisierung<\/strong><br \/>\nSoweit ich neue Dienstleistungen einf\u00fchre, Internet-Verfahren \u00e4ndere oder wenn sich die Internet- und EDV-Sicherheitstechnik weiterentwickelt, ist der \u201eDatenschutzhinweis\u201c zu aktualisieren. Ich behalte mir deshalb das Recht vor, die Erkl\u00e4rung nach Bedarf zu \u00e4ndern oder zu erg\u00e4nzen. Die \u00c4nderung werden ich an dieser Stelle ver\u00f6ffentlichen. Daher sollten Sie diese Website regelm\u00e4\u00dfig aufrufen, um sich \u00fcber den aktuellen Stand des Datenschutzhinweises zu informieren.<\/p>\n<p><strong>Sicherheit<\/strong><br \/>\nIch sichere meine Webseite und sonstigen Systeme durch technische und organisatorische Ma\u00dfnahmen vor Verlust, Zerst\u00f6rung, Zugriff, Ver\u00e4nderung oder Verbreitung Ihrer Daten durch unbefugte Personen. Trotz regelm\u00e4\u00dfiger Kontrollen ist ein vollst\u00e4ndiger Schutz gegen alle Gefahren jedoch nicht m\u00f6glich.<\/p>\n<p><strong>Google Web Fonts<\/strong><br \/>\nMeine Webseite nutzt zur einheitlichen Darstellung von Schriftarten so genannte Web Fonts, die von Google bereitgestellt werden. Beim Aufruf einer Seite l\u00e4dt Ihr Browser die ben\u00f6tigten Web Fonts in ihren Browsercache, um Texte und Schriftarten korrekt anzuzeigen. Zu diesem Zweck muss der von Ihnen verwendete Browser Verbindung zu den Servern von Google aufnehmen. Hierdurch erlangt Google Kenntnis dar\u00fcber, dass \u00fcber Ihre IP-Adresse meine Website aufgerufen wurde. Die Nutzung von Google Web Fonts erfolgt im Interesse einer einheitlichen und ansprechenden Darstellung meiner Homepage. Dies stellt ein berechtigtes Interesse im Sinne von Art. 6 Abs. 1 lit. f DSGVO dar. Wenn Ihr Browser Web Fonts nicht unterst\u00fctzt, wird eine Standardschrift von Ihrem Computer genutzt. Weitere Informationen zu Google Web Fonts finden Sie unter\u00a0Weitere Informationen zu Google Web Fonts finden Sie unter\u00a0https:\/\/developers.google.com\/fonts\/faq\u00a0und in der Datenschutzerkl\u00e4rung von Google:\u00a0https:\/\/www.google.com\/policies\/privacy\/.<\/p>\n<p><strong>Einwilligung und Widerruf<\/strong><br \/>\nPersonenbezogene Daten, die mir \u00fcber meine Website mitgeteilt worden sind, werden nur so lange gespeichert, bis der Zweck erf\u00fcllt ist, zu dem sie mir anvertraut wurden. Soweit handels- und steuerrechtliche Aufbewahrungsfristen zu beachten sind, kann die Speicherdauer zu bestimmten Daten bis zu 10 Jahre betragen. Sollten Sie mit der Speicherung Ihrer personenbezogenen Daten nicht mehr einverstanden oder diese unrichtig geworden sein, werde ich auf eine entsprechende Weisung hin die L\u00f6schung oder Sperrung Ihrer Daten veranlassen oder die notwendigen Korrekturen vornehmen (soweit dies nach dem geltendem Recht m\u00f6glich ist). Auf Wunsch erhalten Sie unentgeltlich Auskunft \u00fcber alle personenbezogenen Daten, die ich \u00fcber Sie gespeichert habe.<\/p>\n<p><strong>Kontakt<\/strong><br \/>\nBei Fragen zur Erhebung, Verarbeitung oder Nutzung Ihrer personenbezogenen Daten, bei Ausk\u00fcnften, Berichtigung, Sperrung oder L\u00f6schung von Daten sowie beim Widerruf erteilter Einwilligungen wenden Sie sich bitte an mich pers\u00f6nlich unter:\u00a0c.schoen(at)christianschoen.com<br \/>\nSollten Sie mit mir per E-Mail in Kontakt treten wollen, weise ich Sie darauf hin, dass die Vertraulichkeit der \u00fcbermittelten Informationen dadurch nicht gew\u00e4hrleistet ist. Der Inhalt von E-Mails kann von Dritten eingesehen werden. Ich empfehle Ihnen daher, mir vertrauliche Informationen ausschlie\u00dflich \u00fcber den\u00a0Postweg\u00a0zukommen zu lassen.<\/p>\n","protected":false},"excerpt":{"rendered":"<p>Ich freue mich sehr \u00fcber Ihr Interesse an meinem Studio. Datenschutz hat einen besonders hohen Stellenwert f\u00fcr mich. Eine Nutzung der Internetseiten meines Studios ist grunds\u00e4tzlich ohne jede Angabe personenbezogener Daten m\u00f6glich. Sofern eine betroffene Person besondere Services meines Studios in Anspruch nehmen m\u00f6chte, k\u00f6nnte jedoch eine Verarbeitung personenbezogener Daten erforderlich werden. Ist die Verarbeitung&hellip;<\/p>\n","protected":false},"author":4,"featured_media":0,"parent":0,"menu_order":0,"comment_status":"closed","ping_status":"closed","template":"","meta":{"footnotes":""},"class_list":["post-964","page","type-page","status-publish","hentry","no-post-thumbnail","post-grid-4-col","entry"],"_links":{"self":[{"href":"https:\/\/christianschoen.com\/index.php?rest_route=\/wp\/v2\/pages\/964","targetHints":{"allow":["GET"]}}],"collection":[{"href":"https:\/\/christianschoen.com\/index.php?rest_route=\/wp\/v2\/pages"}],"about":[{"href":"https:\/\/christianschoen.com\/index.php?rest_route=\/wp\/v2\/types\/page"}],"author":[{"embeddable":true,"href":"https:\/\/christianschoen.com\/index.php?rest_route=\/wp\/v2\/users\/4"}],"replies":[{"embeddable":true,"href":"https:\/\/christianschoen.com\/index.php?rest_route=%2Fwp%2Fv2%2Fcomments&post=964"}],"version-history":[{"count":6,"href":"https:\/\/christianschoen.com\/index.php?rest_route=\/wp\/v2\/pages\/964\/revisions"}],"predecessor-version":[{"id":1938,"href":"https:\/\/christianschoen.com\/index.php?rest_route=\/wp\/v2\/pages\/964\/revisions\/1938"}],"wp:attachment":[{"href":"https:\/\/christianschoen.com\/index.php?rest_route=%2Fwp%2Fv2%2Fmedia&parent=964"}],"curies":[{"name":"wp","href":"https:\/\/api.w.org\/{rel}","templated":true}]}}